{"id":595,"date":"2023-10-09T21:58:05","date_gmt":"2023-10-09T21:58:05","guid":{"rendered":"https:\/\/www.therium.com.co\/arquitectura\/"},"modified":"2023-12-02T21:08:17","modified_gmt":"2023-12-02T21:08:17","slug":"arquitectura","status":"publish","type":"page","link":"https:\/\/www.therium.com.co\/en\/arquitectura\/","title":{"rendered":"ARQUITECTURA"},"content":{"rendered":"<section class=\"page-header page-header-modern p-relative page-header-background pb-5 pt-5 wp-image-598\" style=\"background-image:url(https:\/\/www.therium.com.co\/wp-content\/uploads\/2023\/10\/bg-arquitectura.png)\" background=\"https:\/\/www.therium.com.co\/wp-content\/uploads\/2023\/10\/bg-arquitectura.png\">\n<div class=\"container p-relative z-index-2\">\n<div class=\"row mt-5\">\n<div class=\"col-md-12 align-self-center p-static order-2 text-center\">\n<h1 class=\"text-14 mb-3 font-weight-bold\" editable=\"inline\">ARQUITECTURA<\/h1>\n<p class=\"text-light fs-4 d-none\">Lorem ipsum dolor sit amet consectetur. Posuere lectus integer lorem eget tellus integer vitae. Pellentesque.<\/p>\n<\/p><\/div>\n<div class=\"col-md-12 align-self-center p-static order-2 text-center pb-5\"><a href=\"\/en\/contacto\/\" class=\"btn btn-light btn-lg px-5 py-3 text-dark\">HABLAR CON UN ESPECIALISTA<\/a><\/div>\n<div class=\"col-md-12 align-self-center order-1\">\n<ul class=\"breadcrumb breadcrumb-light d-block text-center\">\n<li class=\"active lune-block mb-5 ls-4 fs-3 text-underline text-center\" editable=\"inline\">SERVICIO<\/li>\n<\/ul><\/div>\n<\/p><\/div>\n<\/p><\/div>\n<p>\t<img loading=\"lazy\" decoding=\"async\" src=\"https:\/\/www.therium.com.co\/wp-content\/uploads\/2023\/10\/Rectangle-24.png\" class=\"img-fluid white-overlay-tr wp-image-564\" width=\"1440\" height=\"197\" srcset=\"https:\/\/www.therium.com.co\/wp-content\/uploads\/2023\/10\/Rectangle-24-300x41.png 300w, https:\/\/www.therium.com.co\/wp-content\/uploads\/2023\/10\/Rectangle-24-1024x140.png 1024w, https:\/\/www.therium.com.co\/wp-content\/uploads\/2023\/10\/Rectangle-24-768x105.png 768w, https:\/\/www.therium.com.co\/wp-content\/uploads\/2023\/10\/Rectangle-24.png 1440w\" sizes=\"auto, (max-width: 1440px) 100vw, 1440px\"><br \/>\n<\/section>\n<section>\n<div class=\"container\">\n<div class=\"row\">\n<div class=\"col col-md-12\"><\/div>\n<\/p><\/div>\n<\/p><\/div>\n<\/section>\n<section class=\"bg-white-color pt-1\" style=\"padding-top: 150px\">\n<div class=\"container-fluid\">\n<div class=\"row pt-5\">\n<div class=\"col mb-4 col-lg-6 col-md-12 col-sm-12\">\n<div class=\"lune-block\">\n<div class=\"feature-box feature-box-style-tr\">\n\t\t\t\t\t\t<img loading=\"lazy\" decoding=\"async\" src=\"https:\/\/www.therium.com.co\/wp-content\/uploads\/2023\/10\/Capa_1-1-1.svg\" class=\"mx-4 wp-image-567\" width=\"79\" height=\"79\"><\/p>\n<div class=\"ml-5 d-flex flex-column align-content-center justify-content-between\">\n<h4 class=\"font-weight-bold mb-2 text-general-color\" editable=\"inline\">\n\t\t\t\t\t\t\t\t<color class=\"text-general-color\">BIM<\/color>\n\t\t\t\t\t\t\t<\/h4>\n<p class=\"m-0\" editable=\"inline\">Facilita una gesti\u00f3n integral de datos que optimiza la planificaci\u00f3n, el dise\u00f1o y la construcci\u00f3n, lo que reduce errores, ahorra costos y garantiza un producto final de alta calidad. BIM tambi\u00e9n permite un mantenimiento m\u00e1s eficiente a lo largo del ciclo de vida del proyecto, aumentando la sostenibilidad y la satisfacci\u00f3n del cliente.<\/p>\n<\/p><\/div>\n<\/p><\/div>\n<\/p><\/div>\n<\/p><\/div>\n<div class=\"col mb-4 col-lg-6 col-md-12 col-sm-12 col-12\">\n<div class=\"lune-block\">\n<div class=\"lune-block\">\n<div class=\"feature-box feature-box-style-tr\">\n\t\t\t\t\t\t\t<img loading=\"lazy\" decoding=\"async\" src=\"https:\/\/www.therium.com.co\/wp-content\/uploads\/2023\/10\/Capa_1-2-1.svg\" class=\"mx-4 wp-image-568\" width=\"79\" height=\"79\"><\/p>\n<div class=\"ml-5 d-flex flex-column align-content-center justify-content-between\">\n<h4 class=\"font-weight-bold mb-2 text-general-color\" editable=\"inline\">\n\t\t\t\t\t\t\t\t\t<color class=\"text-general-color\">FABRICACI\u00d3N DE MUEBLES<\/color>\n\t\t\t\t\t\t\t\t<\/h4>\n<p class=\"m-0\" editable=\"inline\">Proporcionar soluciones personalizadas que se integran perfectamente en el dise\u00f1o y la funcionalidad del espacio. Esto garantiza la coherencia en el estilo y la optimizaci\u00f3n de la eficiencia del lugar de trabajo. La capacidad de adaptar el mobiliario a las necesidades del cliente mejora la satisfacci\u00f3n y la productividad de los usuarios.&nbsp;<\/p>\n<\/p><\/div>\n<\/p><\/div>\n<\/p><\/div>\n<\/p><\/div>\n<\/p><\/div>\n<div class=\"col col-lg-6 col-md-12 col-sm-12 mb-4\">\n<div class=\"lune-block\"><\/div>\n<\/p><\/div>\n<div class=\"col col-lg-6 col-md-12 col-sm-12 mb-4\">\n<div class=\"lune-block\"><\/div>\n<\/p><\/div>\n<div class=\"col col-lg-6 col-md-12 col-sm-12 mb-4 col-12\">\n<div class=\"lune-block\">\n<div class=\"lune-block\">\n<div class=\"feature-box feature-box-style-tr\">\n\t\t\t\t\t\t\t<img loading=\"lazy\" decoding=\"async\" src=\"https:\/\/www.therium.com.co\/wp-content\/uploads\/2023\/10\/Capa_1-3-1.svg\" class=\"mx-4 wp-image-569\" width=\"79\" height=\"79\"><\/p>\n<div class=\"ml-5 d-flex flex-column align-content-center justify-content-between\">\n<h4 class=\"font-weight-bold mb-2 text-general-color\" editable=\"inline\">VIDRIOS Y DIVISIONES<\/h4>\n<p class=\"m-0\" editable=\"inline\">Ofrecen versatilidad y un ambiente abierto, al tiempo que mantienen la privacidad y la separaci\u00f3n funcional de espacios. Esto promueve la interacci\u00f3n y la entrada de luz natural, creando ambientes atractivos y eficientes. Estas soluciones tambi\u00e9n pueden mejorar la ac\u00fastica y proporcionar flexibilidad en el dise\u00f1o interior, adapt\u00e1ndose a las necesidades cambiantes de la empresa.&nbsp;<\/p>\n<\/p><\/div>\n<\/p><\/div>\n<\/p><\/div>\n<\/p><\/div>\n<\/p><\/div>\n<div class=\"col col-lg-6 col-md-12 col-sm-12 mb-4\">\n<div class=\"lune-block\">\n<div class=\"lune-block\">\n<div class=\"feature-box feature-box-style-tr\">\n\t\t\t\t\t\t\t<img loading=\"lazy\" decoding=\"async\" src=\"https:\/\/www.therium.com.co\/wp-content\/uploads\/2023\/10\/Capa_1-4-1.svg\" class=\"mx-4 wp-image-571\" width=\"79\" height=\"131\"><\/p>\n<div class=\"ml-5 d-flex flex-column align-content-center justify-content-between\">\n<h4 class=\"font-weight-bold mb-2 text-general-color\" editable=\"inline\">FACHADAS<\/h4>\n<p class=\"m-0\" editable=\"inline\">Las fachadas bien dise\u00f1adas proporcionan aislamiento t\u00e9rmico y ac\u00fastico, control de la luz y la ventilaci\u00f3n, y mejoran la sostenibilidad. Adem\u00e1s, pueden contribuir a la identidad visual y la imagen de la empresa, creando una primera impresi\u00f3n s\u00f3lida.&nbsp;<\/p>\n<\/p><\/div>\n<\/p><\/div>\n<\/p><\/div>\n<\/p><\/div>\n<\/p><\/div>\n<div class=\"col col-lg-6 col-md-12 col-sm-12 mb-4\">\n<div class=\"lune-block\">\n<div class=\"lune-block\">\n<div class=\"feature-box feature-box-style-tr\">\n\t\t\t\t\t\t\t<img loading=\"lazy\" decoding=\"async\" src=\"https:\/\/www.therium.com.co\/wp-content\/uploads\/2023\/10\/Capa_1-5-1.svg\" class=\"mx-4 wp-image-570\" width=\"79\" height=\"131\"><\/p>\n<div class=\"ml-5 d-flex flex-column align-content-center justify-content-between\">\n<h4 class=\"font-weight-bold mb-2 text-general-color\" editable=\"inline\">CONSTRUCI\u00d3N DE MUROS, SUELOS, CIELO RASO, PISOS Y ACABDOS<\/h4>\n<p class=\"m-0\" editable=\"inline\">Definen la est\u00e9tica, funcionalidad y comodidad de los espacios. Los materiales y acabados seleccionados influyen en la calidad visual y t\u00e1ctil, creando ambientes atractivos y agradables. Adem\u00e1s, contribuyen a la durabilidad, mantenimiento y la identidad del espacio, lo que mejora la satisfacci\u00f3n de los usuarios.&nbsp;<\/p>\n<\/p><\/div>\n<\/p><\/div>\n<\/p><\/div>\n<\/p><\/div>\n<\/p><\/div>\n<div class=\"col col-lg-6 col-md-12 col-sm-12 mb-4\">\n<div class=\"lune-block\">\n<div class=\"lune-block\">\n<div class=\"feature-box feature-box-style-tr\">\n\t\t\t\t\t\t\t<img loading=\"lazy\" decoding=\"async\" src=\"https:\/\/www.therium.com.co\/wp-content\/uploads\/2023\/10\/Capa_1-6-1.svg\" class=\"mx-4 wp-image-572\" width=\"79\" height=\"131\"><\/p>\n<div class=\"ml-5 d-flex flex-column align-content-center justify-content-between\">\n<h4 class=\"font-weight-bold mb-2 text-general-color\" editable=\"inline\">AVISOS E IMPRESIONES<\/h4>\n<p class=\"m-0\" editable=\"inline\">Los avisos y gr\u00e1ficos personalizados pueden mejorar la orientaci\u00f3n, proporcionar informaci\u00f3n importante y contribuir a la est\u00e9tica general. Adem\u00e1s, pueden reflejar la identidad de la empresa y crear un ambiente cohesivo y atractivo.&nbsp;<\/p>\n<\/p><\/div>\n<\/p><\/div>\n<\/p><\/div>\n<\/p><\/div>\n<\/p><\/div>\n<div class=\"col col-lg-6 col-md-12 col-sm-12 mb-4\">\n<div class=\"lune-block\">\n<div class=\"lune-block\">\n<div class=\"feature-box feature-box-style-tr\">\n\t\t\t\t\t\t\t<img loading=\"lazy\" decoding=\"async\" src=\"https:\/\/www.therium.com.co\/wp-content\/uploads\/2023\/10\/Capa_1-7-1.svg\" class=\"mx-4 wp-image-573\" width=\"79\" height=\"131\"><\/p>\n<div class=\"ml-5 d-flex flex-column align-content-center justify-content-between\">\n<h4 class=\"font-weight-bold mb-2 text-general-color\" editable=\"inline\">TECNOLOG\u00cdA<\/h4>\n<p class=\"m-0\" editable=\"inline\">Incorporamos sistemas avanzados para mejorar la eficiencia y la experiencia del usuario. La tecnolog\u00eda puede incluir sistemas de automatizaci\u00f3n, seguridad, comunicaci\u00f3n y gesti\u00f3n de datos, lo que aumenta la comodidad, la productividad y la sostenibilidad del espacio. La implementaci\u00f3n adecuada de tecnolog\u00eda contribuye a la eficacia operativa y al cumplimiento de los objetivos del proyecto.&nbsp;<\/p>\n<\/p><\/div>\n<\/p><\/div>\n<\/p><\/div>\n<\/p><\/div>\n<\/p><\/div>\n<div class=\"col col-lg-6 col-md-12 col-sm-12 mb-4\">\n<div class=\"lune-block\">\n<div class=\"lune-block\">\n<div class=\"feature-box feature-box-style-tr\">\n\t\t\t\t\t\t\t<img loading=\"lazy\" decoding=\"async\" src=\"https:\/\/www.therium.com.co\/wp-content\/uploads\/2023\/10\/Capa_1-8-1.svg\" class=\"mx-4 wp-image-574\" width=\"79\" height=\"79\"><\/p>\n<div class=\"ml-5 d-flex flex-column align-content-center justify-content-between\">\n<h4 class=\"font-weight-bold mb-2 text-general-color\" editable=\"inline\">PRESUPUESTO<\/h4>\n<p class=\"m-0\" editable=\"inline\">Un control efectivo del presupuesto permite evitar sobrecostos, optimizar recursos y cumplir con los l\u00edmites establecidos. Esto asegura que el proyecto se ejecute de manera eficiente y dentro de los par\u00e1metros financieros, generando satisfacci\u00f3n tanto para el cliente como para el proveedor de servicios.&nbsp;<\/p>\n<\/p><\/div>\n<\/p><\/div>\n<\/p><\/div>\n<\/p><\/div>\n<\/p><\/div>\n<div class=\"col col-lg-6 col-md-12 col-sm-12 mb-4\">\n<div class=\"lune-block\">\n<div class=\"lune-block\">\n<div class=\"feature-box feature-box-style-tr\">\n\t\t\t\t\t\t\t<img loading=\"lazy\" decoding=\"async\" src=\"https:\/\/www.therium.com.co\/wp-content\/uploads\/2023\/10\/Capa_1-9.svg\" class=\"mx-4 wp-image-575\" width=\"79\" height=\"79\"><\/p>\n<div class=\"ml-5 d-flex flex-column align-content-center justify-content-between\">\n<h4 class=\"font-weight-bold mb-2 text-general-color\" editable=\"inline\">NORMATIVA Y REGULACIONES<\/h4>\n<p class=\"m-0\" editable=\"inline\">Garantizamos la seguridad, la legalidad y la sostenibilidad del proyecto. La adhesi\u00f3n a est\u00e1ndares y c\u00f3digos de construcci\u00f3n, as\u00ed como a requisitos legales y ambientales, evita problemas legales y reduce riesgos. Adem\u00e1s, demuestra el compromiso del proveedor con la responsabilidad corporativa y la calidad del trabajo.&nbsp;<\/p>\n<\/p><\/div>\n<\/p><\/div>\n<\/p><\/div>\n<\/p><\/div>\n<\/p><\/div>\n<div class=\"col col-lg-6 col-md-12 col-sm-12 mb-4\">\n<div class=\"lune-block\">\n<div class=\"lune-block\">\n<div class=\"feature-box feature-box-style-tr\">\n\t\t\t\t\t\t\t<img loading=\"lazy\" decoding=\"async\" src=\"https:\/\/www.therium.com.co\/wp-content\/uploads\/2023\/10\/Capa_1-10.svg\" class=\"mx-4 wp-image-576\" width=\"79\" height=\"131\"><\/p>\n<div class=\"ml-5 d-flex flex-column align-content-center justify-content-between\">\n<h4 class=\"font-weight-bold mb-2 text-general-color\" editable=\"inline\">INTERVENTOR\u00cdA<\/h4>\n<p class=\"m-0\" editable=\"inline\">Supervisamos y controlamos la ejecuci\u00f3n del proyecto. Los interventores garantizan que se cumplan los est\u00e1ndares de calidad, plazos y presupuesto, minimizando riesgos y problemas potenciales. Su presencia mejora la eficiencia y la transparencia en la gesti\u00f3n del proyecto, asegurando la satisfacci\u00f3n del cliente y el \u00e9xito final.&nbsp;<\/p>\n<\/p><\/div>\n<\/p><\/div>\n<\/p><\/div>\n<\/p><\/div>\n<\/p><\/div>\n<div class=\"col col-lg-6 col-md-12 col-sm-12 mb-4\">\n<div class=\"lune-block\">\n<div class=\"lune-block\">\n<div class=\"feature-box feature-box-style-tr\">\n\t\t\t\t\t\t\t<img loading=\"lazy\" decoding=\"async\" src=\"https:\/\/www.therium.com.co\/wp-content\/uploads\/2023\/10\/Capa_1-11.svg\" class=\"mx-4 wp-image-577\" width=\"79\" height=\"79\"><\/p>\n<div class=\"ml-5 d-flex flex-column align-content-center justify-content-between\">\n<h4 class=\"font-weight-bold mb-2 text-general-color\" editable=\"inline\">CONSULTOR\u00cdA Y ASESOR\u00cdAS<\/h4>\n<p class=\"m-0\" editable=\"inline\">Proporcionamos orientaci\u00f3n especializada para tomar decisiones informadas y estrat\u00e9gicas. Los consultores aportan conocimientos t\u00e9cnicos y experiencia que pueden optimizar la planificaci\u00f3n, el dise\u00f1o y la ejecuci\u00f3n del proyecto. Esta colaboraci\u00f3n mejora la toma de decisiones, minimiza riesgos y garantiza resultados exitosos y rentables.&nbsp;<\/p>\n<\/p><\/div>\n<\/p><\/div>\n<\/p><\/div>\n<\/p><\/div>\n<\/p><\/div>\n<\/p><\/div>\n<\/p><\/div>\n<\/section>\n<section class=\"bg-light-color\">\n<div class=\"container wp-image-374\" background=\"#\">\n<div class=\"row text-center pt-4\">\n<div class=\"col  py-5\">\n<p class=\"text-dark slide  text-6 mb-2\"><strong><br \/>\n\t\t\t\t\t\tEjecutamos todas las etapas de tu proyecto, <\/strong>desde el dise\u00f1o, la arquitectura y la ingenier\u00eda, hasta ponerlo a funcionar.&nbsp;\n\t\t\t\t<\/p>\n<p>\t\t\t\t<a href=\"\/en\/contacto\/\" class=\"btn ls-1 px-5 btn-lg text-md-2 light lune-block font-weight-semibold px-4 py-3 bg-general-color text-white-color mt-5\">HABLAR CON UN PROJECT MANAGER<\/a>\n\t\t\t<\/div>\n<\/p><\/div>\n<\/p><\/div>\n<\/section>","protected":false},"excerpt":{"rendered":"<p>ARQUITECTURA Lorem ipsum dolor sit amet consectetur. Posuere lectus integer lorem eget tellus integer vitae. Pellentesque. HABLAR CON UN ESPECIALISTA SERVICIO BIM Facilita una gesti\u00f3n integral de datos que optimiza la planificaci\u00f3n, el dise\u00f1o y la construcci\u00f3n, lo que reduce errores, ahorra costos y garantiza un producto final de alta calidad. BIM tambi\u00e9n permite un [&hellip;]<\/p>\n","protected":false},"author":0,"featured_media":0,"parent":0,"menu_order":0,"comment_status":"closed","ping_status":"closed","template":"","meta":{"footnotes":""},"class_list":["post-595","page","type-page","status-publish","hentry"],"_links":{"self":[{"href":"https:\/\/www.therium.com.co\/en\/wp-json\/wp\/v2\/pages\/595","targetHints":{"allow":["GET"]}}],"collection":[{"href":"https:\/\/www.therium.com.co\/en\/wp-json\/wp\/v2\/pages"}],"about":[{"href":"https:\/\/www.therium.com.co\/en\/wp-json\/wp\/v2\/types\/page"}],"replies":[{"embeddable":true,"href":"https:\/\/www.therium.com.co\/en\/wp-json\/wp\/v2\/comments?post=595"}],"version-history":[{"count":16,"href":"https:\/\/www.therium.com.co\/en\/wp-json\/wp\/v2\/pages\/595\/revisions"}],"predecessor-version":[{"id":811,"href":"https:\/\/www.therium.com.co\/en\/wp-json\/wp\/v2\/pages\/595\/revisions\/811"}],"wp:attachment":[{"href":"https:\/\/www.therium.com.co\/en\/wp-json\/wp\/v2\/media?parent=595"}],"curies":[{"name":"wp","href":"https:\/\/api.w.org\/{rel}","templated":true}]}}