{"id":561,"date":"2023-10-07T16:48:44","date_gmt":"2023-10-07T16:48:44","guid":{"rendered":"https:\/\/www.therium.com.co\/diseno\/"},"modified":"2023-11-30T16:06:13","modified_gmt":"2023-11-30T16:06:13","slug":"diseno","status":"publish","type":"page","link":"https:\/\/www.therium.com.co\/en\/diseno\/","title":{"rendered":"Dise\u00f1o"},"content":{"rendered":"<section class=\"page-header page-header-modern p-relative page-header-background pb-5 pt-5 wp-image-545\" style=\"background-image:url(https:\/\/www.therium.com.co\/wp-content\/uploads\/2023\/10\/bg-diseno.jpeg)\" background=\"https:\/\/www.therium.com.co\/wp-content\/uploads\/2023\/10\/bg-diseno.jpeg\">\n<div class=\"container p-relative z-index-2\">\n<div class=\"row mt-5\">\n<div class=\"col-md-12 align-self-center p-static order-2 text-center\">\n<h1 class=\"text-14 mb-3 font-weight-bold\" editable=\"inline\">DISE\u00d1O<\/h1>\n<p class=\"text-light fs-4\">En <b>Therium<\/b> ejecutamos todas las etapas desde el dise\u00f1o, <br \/>la arquitectura y la ingenier\u00eda, hasta ponerlo a funcionar.<\/p>\n<\/p><\/div>\n<div class=\"col-md-12 align-self-center p-static order-2 text-center pb-5\"><a href=\"\" class=\"btn btn-light btn-lg px-5 py-3 text-dark\">HABLAR CON UN ESPECIALISTA<\/a><\/div>\n<div class=\"col-md-12 align-self-center order-1\">\n<ul class=\"breadcrumb breadcrumb-light d-block text-center\">\n<li class=\"active lune-block mb-5 ls-4 fs-3 text-underline text-center\" editable=\"inline\">SERVICIO<\/li>\n<\/ul><\/div>\n<\/p><\/div>\n<\/p><\/div>\n<p>\t<img loading=\"lazy\" decoding=\"async\" src=\"https:\/\/www.therium.com.co\/wp-content\/uploads\/2023\/10\/Rectangle-24.png\" class=\"img-fluid white-overlay-tr wp-image-564\" width=\"1440\" height=\"197\" srcset=\"https:\/\/www.therium.com.co\/wp-content\/uploads\/2023\/10\/Rectangle-24-300x41.png 300w, https:\/\/www.therium.com.co\/wp-content\/uploads\/2023\/10\/Rectangle-24-1024x140.png 1024w, https:\/\/www.therium.com.co\/wp-content\/uploads\/2023\/10\/Rectangle-24-768x105.png 768w, https:\/\/www.therium.com.co\/wp-content\/uploads\/2023\/10\/Rectangle-24.png 1440w\" sizes=\"auto, (max-width: 1440px) 100vw, 1440px\"><br \/>\n<\/section>\n<section>\n<div class=\"container\">\n<div class=\"row\">\n<div class=\"col col-md-12\"><\/div>\n<\/p><\/div>\n<\/p><\/div>\n<\/section>\n<section class=\"bg-white-color pt-1\" style=\"padding-top: 150px\">\n<div class=\"container-fluid\">\n<div class=\"row pt-5\">\n<div class=\"col mb-4 col-lg-6 col-md-12 col-sm-12\">\n<div class=\"lune-block\">\n<div class=\"feature-box feature-box-style-tr\">\n\t\t\t\t\t\t<img loading=\"lazy\" decoding=\"async\" src=\"https:\/\/www.therium.com.co\/wp-content\/uploads\/2023\/10\/icon-concepto.svg\" class=\"mx-4 wp-image-543\" width=\"79\" height=\"79\"><\/p>\n<div class=\"ml-5 d-flex flex-column align-content-center justify-content-between\">\n<h4 class=\"font-weight-bold mb-2 text-general-color\" editable=\"inline\">\n\t\t\t\t\t\t\t\t<color class=\"text-general-color\">CONCEPTO<\/color>\n\t\t\t\t\t\t\t<\/h4>\n<p class=\"m-0\" editable=\"inline\">Define la est\u00e9tica, funci\u00f3n y objetivos del proyecto, garantizando la coherencia en todas las etapas. Un concepto s\u00f3lido gu\u00eda la toma de decisiones y asegura la entrega exitosa de espacios funcionales y est\u00e9ticamente coherentes.<\/p>\n<\/p><\/div>\n<\/p><\/div>\n<\/p><\/div>\n<\/p><\/div>\n<div class=\"col mb-4 col-lg-6 col-md-12 col-sm-12\">\n<div class=\"lune-block\">\n<div class=\"lune-block\">\n<div class=\"feature-box feature-box-style-tr\">\n\t\t\t\t\t\t\t<img loading=\"lazy\" decoding=\"async\" src=\"https:\/\/www.therium.com.co\/wp-content\/uploads\/2023\/10\/Capa_1.svg\" class=\"mx-4 wp-image-542\" alt=\"ICONO ESPACIO Y DISTRIBUCI\u00d3N\" width=\"79\" height=\"78\"><\/p>\n<div class=\"ml-5 d-flex flex-column align-content-center justify-content-between\">\n<h4 class=\"font-weight-bold mb-2 text-general-color\" editable=\"inline\">\n\t\t\t\t\t\t\t\t\t<color class=\"text-general-color\">ESPACIO Y DISTRIBUCI\u00d3N<\/color>\n\t\t\t\t\t\t\t\t<\/h4>\n<p class=\"m-0\" editable=\"inline\">Una distribuci\u00f3n bien planificada optimiza el uso del espacio, promueve la eficiencia y mejora la experiencia de los usuarios. Es esencial para lograr resultados satisfactorios y garantizar que el espacio se adapte a las necesidades del cliente.&nbsp;<\/p>\n<\/p><\/div>\n<\/p><\/div>\n<\/p><\/div>\n<\/p><\/div>\n<\/p><\/div>\n<div class=\"col col-lg-6 col-md-12 col-sm-12 mb-4\">\n<div class=\"lune-block\">\n<div class=\"lune-block\">\n<div class=\"feature-box feature-box-style-tr\">\n\t\t\t\t\t\t\t<img loading=\"lazy\" decoding=\"async\" src=\"https:\/\/www.therium.com.co\/wp-content\/uploads\/2023\/10\/Capa_1-1.svg\" class=\"mx-4 wp-image-541\" width=\"79\" height=\"79\"><\/p>\n<div class=\"ml-5 d-flex flex-column align-content-center justify-content-between\">\n<h4 class=\"font-weight-bold mb-2 text-general-color\" editable=\"inline\">\n\t\t\t\t\t\t\t\t\t<color class=\"text-general-color\">MOBILIARIO PERSONALIZADO<\/color>\n\t\t\t\t\t\t\t\t<\/h4>\n<p class=\"m-0\" editable=\"inline\">Aporta una soluci\u00f3n \u00fanica que se adapta perfectamente a las necesidades y estilo del cliente. Mejora la eficiencia, la est\u00e9tica y la funcionalidad del espacio, creando un ambiente exclusivo y cumpliendo con los objetivos de dise\u00f1o. La atenci\u00f3n a los detalles en el mobiliario personalizado agrega valor y distinci\u00f3n al proyecto.&nbsp;<\/p>\n<\/p><\/div>\n<\/p><\/div>\n<\/p><\/div>\n<\/p><\/div>\n<\/p><\/div>\n<div class=\"col col-lg-6 col-md-12 col-sm-12 mb-4\">\n<div class=\"lune-block\">\n<div class=\"lune-block\">\n<div class=\"feature-box feature-box-style-tr\">\n\t\t\t\t\t\t\t<img loading=\"lazy\" decoding=\"async\" src=\"https:\/\/www.therium.com.co\/wp-content\/uploads\/2023\/10\/Capa_1-2.svg\" class=\"mx-4 wp-image-540\" width=\"79\" height=\"79\"><\/p>\n<div class=\"ml-5 d-flex flex-column align-content-center justify-content-between\">\n<h4 class=\"font-weight-bold mb-2 text-general-color\" editable=\"inline\">\n\t\t\t\t\t\t\t\t\t<color class=\"text-general-color\">DECORACI\u00d3N<\/color>\n\t\t\t\t\t\t\t\t<\/h4>\n<p class=\"m-0\" editable=\"inline\">Aporta identidad y personalizaci\u00f3n a los espacios, creando ambientes atractivos y acogedores Adem\u00e1s de mejorar la est\u00e9tica, influye en la experiencia de los ocupantes y refleja la cultura y valores de la empresa o el cliente. Una decoraci\u00f3n cuidadosamente seleccionada puede potenciar la marca y la satisfacci\u00f3n de quienes utilizan el espacio.&nbsp;<\/p>\n<\/p><\/div>\n<\/p><\/div>\n<\/p><\/div>\n<\/p><\/div>\n<\/p><\/div>\n<div class=\"col col-lg-6 col-md-12 col-sm-12 mb-4\">\n<div class=\"lune-block\">\n<div class=\"lune-block\">\n<div class=\"feature-box feature-box-style-tr\">\n\t\t\t\t\t\t\t<img loading=\"lazy\" decoding=\"async\" src=\"https:\/\/www.therium.com.co\/wp-content\/uploads\/2023\/10\/Capa_1-3.svg\" class=\"mx-4 wp-image-539\" width=\"79\" height=\"79\"><\/p>\n<div class=\"ml-5 d-flex flex-column align-content-center justify-content-between\">\n<h4 class=\"font-weight-bold mb-2 text-general-color\" editable=\"inline\">ARQUITECTURA INTERIOR<\/h4>\n<p class=\"m-0\" editable=\"inline\">Define la est\u00e9tica, la funcionalidad y la experiencia de los espacios. Aporta cohesi\u00f3n al dise\u00f1o global, mejorando la satisfacci\u00f3n del cliente y la eficiencia del espacio. La atenci\u00f3n al detalle en la arquitectura interior garantiza la creaci\u00f3n de entornos atractivos y funcionales.&nbsp;<\/p>\n<\/p><\/div>\n<\/p><\/div>\n<\/p><\/div>\n<\/p><\/div>\n<\/p><\/div>\n<div class=\"col col-lg-6 col-md-12 col-sm-12 mb-4\">\n<div class=\"lune-block\">\n<div class=\"lune-block\">\n<div class=\"feature-box feature-box-style-tr\">\n\t\t\t\t\t\t\t<img loading=\"lazy\" decoding=\"async\" src=\"https:\/\/www.therium.com.co\/wp-content\/uploads\/2023\/10\/Capa_1-4.svg\" class=\"mx-4 wp-image-546\" width=\"79\" height=\"79\"><\/p>\n<div class=\"ml-5 d-flex flex-column align-content-center justify-content-between\">\n<h4 class=\"font-weight-bold mb-2 text-general-color\" editable=\"inline\">FUNCIONALIDAD<\/h4>\n<p class=\"m-0\" editable=\"inline\">Un dise\u00f1o funcional optimiza el flujo de trabajo y la eficiencia operativa, mejorando la productividad y la comodidad. Garantiza que los espacios sean adecuados para sus prop\u00f3sitos, lo que resulta en un entorno m\u00e1s efectivo y rentable.&nbsp;<\/p>\n<\/p><\/div>\n<\/p><\/div>\n<\/p><\/div>\n<\/p><\/div>\n<\/p><\/div>\n<div class=\"col col-lg-6 col-md-12 col-sm-12 mb-4\">\n<div class=\"lune-block\">\n<div class=\"lune-block\">\n<div class=\"feature-box feature-box-style-tr\">\n\t\t\t\t\t\t\t<img loading=\"lazy\" decoding=\"async\" src=\"https:\/\/www.therium.com.co\/wp-content\/uploads\/2023\/10\/Capa_1-5.svg\" class=\"mx-4 wp-image-547\" width=\"79\" height=\"79\"><\/p>\n<div class=\"ml-5 d-flex flex-column align-content-center justify-content-between\">\n<h4 class=\"font-weight-bold mb-2 text-general-color\" editable=\"inline\">FLUJO Y CIRCULACI\u00d3N<\/h4>\n<p class=\"m-0\" editable=\"inline\">Un dise\u00f1o adecuado de la distribuci\u00f3n y la circulaci\u00f3n asegura un acceso f\u00e1cil, una navegaci\u00f3n sin problemas y una optimizaci\u00f3n del espacio, mejorando la funcionalidad y la comodidad de los espacios. Esto contribuye a la satisfacci\u00f3n de los usuarios y a la eficacia operativa del proyecto.&nbsp;<\/p>\n<\/p><\/div>\n<\/p><\/div>\n<\/p><\/div>\n<\/p><\/div>\n<\/p><\/div>\n<div class=\"col col-lg-6 col-md-12 col-sm-12 mb-4\">\n<div class=\"lune-block\">\n<div class=\"lune-block\">\n<div class=\"feature-box feature-box-style-tr\">\n\t\t\t\t\t\t\t<img loading=\"lazy\" decoding=\"async\" src=\"https:\/\/www.therium.com.co\/wp-content\/uploads\/2023\/10\/Capa_1-6.svg\" class=\"mx-4 wp-image-548\" width=\"79\" height=\"79\"><\/p>\n<div class=\"ml-5 d-flex flex-column align-content-center justify-content-between\">\n<h4 class=\"font-weight-bold mb-2 text-general-color\" editable=\"inline\">ERGONOMIA<\/h4>\n<p class=\"m-0\" editable=\"inline\">Un enfoque ergon\u00f3mico mejora la eficiencia, la salud y el bienestar de las personas, lo que a su vez incrementa la productividad y la satisfacci\u00f3n. Dise\u00f1ar considerando la ergonom\u00eda crea ambientes m\u00e1s seguros y funcionales.&nbsp;<\/p>\n<\/p><\/div>\n<\/p><\/div>\n<\/p><\/div>\n<\/p><\/div>\n<\/p><\/div>\n<div class=\"col col-lg-6 col-md-12 col-sm-12 mb-4\">\n<div class=\"lune-block\">\n<div class=\"lune-block\">\n<div class=\"feature-box feature-box-style-tr\">\n\t\t\t\t\t\t\t<img loading=\"lazy\" decoding=\"async\" src=\"https:\/\/www.therium.com.co\/wp-content\/uploads\/2023\/10\/Capa_1-7.svg\" class=\"mx-4 wp-image-549\" width=\"79\" height=\"79\"><\/p>\n<div class=\"ml-5 d-flex flex-column align-content-center justify-content-between\">\n<h4 class=\"font-weight-bold mb-2 text-general-color\" editable=\"inline\">SOSTENIBILIDAD<\/h4>\n<p class=\"m-0\" editable=\"inline\">Reducir el impacto ambiental y promover la responsabilidad social. Enfocarse en pr\u00e1cticas sostenibles mejora la eficiencia energ\u00e9tica, reduce costos operativos y contribuye al cumplimiento de regulaciones ambientales. Adem\u00e1s, impulsa una imagen positiva y atractiva para clientes y usuarios conscientes de la sostenibilidad.&nbsp;<\/p>\n<\/p><\/div>\n<\/p><\/div>\n<\/p><\/div>\n<\/p><\/div>\n<\/p><\/div>\n<div class=\"col col-lg-6 col-md-12 col-sm-12 mb-4\">\n<div class=\"lune-block\">\n<div class=\"lune-block\">\n<div class=\"feature-box feature-box-style-tr\">\n\t\t\t\t\t\t\t<img decoding=\"async\" src=\"https:\/\/www.therium.com.co\/wp-content\/uploads\/2023\/11\/Capa_1-8.svg\" class=\"mx-4 wp-image-689\"><\/p>\n<div class=\"ml-5 d-flex flex-column align-content-center justify-content-between\">\n<h4 class=\"font-weight-bold mb-2 text-general-color\" editable=\"inline\">ILUMINACI\u00d3N<\/h4>\n<p class=\"m-0\" editable=\"inline\">Una iluminaci\u00f3n adecuada crea ambientes atractivos, mejora la productividad y reduce el estr\u00e9s. Adem\u00e1s, puede aumentar la eficiencia energ\u00e9tica y la sostenibilidad de los espacios, lo que resulta en un entorno m\u00e1s agradable y eficaz.&nbsp;<\/p>\n<\/p><\/div>\n<\/p><\/div>\n<\/p><\/div>\n<\/p><\/div>\n<\/p><\/div>\n<\/p><\/div>\n<\/p><\/div>\n<\/section>\n<section class=\"bg-light-color\">\n<div class=\"container wp-image-374\" background=\"#\">\n<div class=\"row text-center pt-4\">\n<div class=\"col  py-5\">\n<p class=\"text-dark slide  text-6 mb-2\"><strong><br \/>\n\t\t\t\t\t\tEjecutamos todas las etapas de tu proyecto, <\/strong>desde el dise\u00f1o, la arquitectura y la ingenier\u00eda, hasta ponerlo a funcionar.&nbsp;\n\t\t\t\t<\/p>\n<p>\t\t\t\t<a href=\"#\" class=\"btn ls-1 px-5 btn-lg text-md-2 light lune-block font-weight-semibold px-4 py-3 bg-general-color text-white-color mt-5\">HABLAR CON UN PROJECT MANAGER<\/a>\n\t\t\t<\/div>\n<\/p><\/div>\n<\/p><\/div>\n<\/section>","protected":false},"excerpt":{"rendered":"<p>DISE\u00d1O En Therium ejecutamos todas las etapas desde el dise\u00f1o, la arquitectura y la ingenier\u00eda, hasta ponerlo a funcionar. HABLAR CON UN ESPECIALISTA SERVICIO CONCEPTO Define la est\u00e9tica, funci\u00f3n y objetivos del proyecto, garantizando la coherencia en todas las etapas. Un concepto s\u00f3lido gu\u00eda la toma de decisiones y asegura la entrega exitosa de espacios [&hellip;]<\/p>\n","protected":false},"author":0,"featured_media":0,"parent":0,"menu_order":0,"comment_status":"closed","ping_status":"closed","template":"","meta":{"footnotes":""},"class_list":["post-561","page","type-page","status-publish","hentry"],"_links":{"self":[{"href":"https:\/\/www.therium.com.co\/en\/wp-json\/wp\/v2\/pages\/561","targetHints":{"allow":["GET"]}}],"collection":[{"href":"https:\/\/www.therium.com.co\/en\/wp-json\/wp\/v2\/pages"}],"about":[{"href":"https:\/\/www.therium.com.co\/en\/wp-json\/wp\/v2\/types\/page"}],"replies":[{"embeddable":true,"href":"https:\/\/www.therium.com.co\/en\/wp-json\/wp\/v2\/comments?post=561"}],"version-history":[{"count":14,"href":"https:\/\/www.therium.com.co\/en\/wp-json\/wp\/v2\/pages\/561\/revisions"}],"predecessor-version":[{"id":786,"href":"https:\/\/www.therium.com.co\/en\/wp-json\/wp\/v2\/pages\/561\/revisions\/786"}],"wp:attachment":[{"href":"https:\/\/www.therium.com.co\/en\/wp-json\/wp\/v2\/media?parent=561"}],"curies":[{"name":"wp","href":"https:\/\/api.w.org\/{rel}","templated":true}]}}