{"id":529,"date":"2023-10-02T15:29:48","date_gmt":"2023-10-02T15:29:48","guid":{"rendered":"https:\/\/www.therium.com.co\/quienes-somos\/"},"modified":"2023-12-02T15:16:01","modified_gmt":"2023-12-02T15:16:01","slug":"quienes-somos","status":"publish","type":"page","link":"https:\/\/www.therium.com.co\/en\/quienes-somos\/","title":{"rendered":"Quienes Somos"},"content":{"rendered":"<section class=\"page-header page-header-modern page-header-background page-header-background-md wp-image-407\" style=\"background-image:url(https:\/\/www.therium.com.co\/wp-content\/uploads\/2023\/10\/bg-about.jpeg)\" background=\"https:\/\/www.therium.com.co\/wp-content\/uploads\/2023\/10\/bg-about.jpeg\">\n<div class=\"container\">\n<div class=\"row mt-5\">\n<div class=\"col-md-12 align-self-center p-static order-2 text-center\">\n<h1 class=\"text-9 font-weight-bold\">QUIENES SOMOS<\/h1>\n<p>\t\t\t\t<span class=\"sub-title\">EN THERIUM EMPUJAMOS LOS L\u00cdMITES DE LA INNOVACI\u00d3N&nbsp;<br \/>Y LA CREATIVIDAD EN LA CONSTRUCCI\u00d3N.<\/span>\n\t\t\t<\/div>\n<\/p><\/div>\n<\/p><\/div>\n<\/section>\n<section>\n<div class=\"container\">\n<div class=\"row pt-5\">\n<div class=\"col\">\n<div class=\"row text-center pb-5\">\n<div class=\"col-md-9 mx-md-auto\">\n<div class=\"overflow-hidden mb-3\">\n<h1 class=\"word-rotator slide font-weight-bold text-8 mb-0 appear-animation animated maskUp appear-animation-visible\" data-appear-animation=\"maskUp\">Tu aliado en todo momento<\/h1>\n<\/p><\/div>\n<div class=\"overflow-hidden mb-3\">\n<p class=\"fs-5 mb-0 appear-animation animated maskUp appear-animation-visible\" data-appear-animation=\"maskUp\" data-appear-animation-delay=\"200\" style=\"animation-delay: 200ms;\">\n\t\t\t\t\t\t\t\tBajo una direcci\u00f3n estricta y especializada, <strong>mantenemos una visi\u00f3n global del proyecto<\/strong> y con nuestro equipo de expertos en distintas \u00e1reas superamos tus expectativas, entreg\u00e1ndote un producto de la m\u00e1s alta calidad sin importar su complejidad, y lo m\u00e1s importante, sin imprevistos en la entrega.\n\t\t\t\t\t\t\t<\/p>\n<\/p><\/div>\n<\/p><\/div>\n<\/p><\/div>\n<div class=\"row mt-3 mb-5\">\n<div class=\"col-md-4 appear-animation\" data-appear-animation=\"fadeInLeftShorter\" data-appear-animation-delay=\"800\">\n<h3 class=\"font-weight-bold text-4 mb-2\" editable=\"inline\">NUESTRO PROP\u00d3SITO<\/h3>\n<p class=\"\">\n<ul>\n<li>Convertir tus ideas en espacios que transforman vidas. <\/li>\n<li>Ayudarte a hacer realidad tus ideas y convertirlas en espacios en los que ames estar.<\/li>\n<\/ul>\n<\/p>\n<\/p><\/div>\n<div class=\"appear-animation col-md-8\" data-appear-animation=\"fadeIn\" data-appear-animation-delay=\"600\">\n<h3 class=\"font-weight-bold text-4 mb-2\" editable=\"inline\">C\u00d3MO LO HACEMOS<\/h3>\n<\/p>\n<ul>\n<li>Trabajamos con una metodolog\u00eda precisa, responsable y precisa para tu inversi\u00f3n. <\/li>\n<li>Ponemos a disposici\u00f3n de tu proyecto, tecnolog\u00eda que permite visualizar la obra, anticiparnos y hacer c\u00e1lculos de material, cantidades y tiempos de ejecuci\u00f3n. <\/li>\n<li>Te entregaremos un presupuesto con proyecciones exactas que ser\u00e1n gestionadas con riguroso control de costos y plazos de entrega.<\/li>\n<\/ul>\n<\/p>\n<\/p><\/div>\n<\/p><\/div>\n<\/p><\/div>\n<\/p><\/div>\n<\/p><\/div>\n<\/section>\n<section class=\"section section-height-3 bg-none-mobile bg-color-grey-scale-1 m-0 p-o border-0 bg-white-color wp-image-406 pb-5\" background=\"https:\/\/www.therium.com.co\/wp-content\/uploads\/2023\/10\/Frame-85.jpg\" style=\"background:url(https:\/\/www.therium.com.co\/wp-content\/uploads\/2023\/10\/Frame-85.jpg)  right \/ contain no-repeat;background-color: transparent!important\"><\/p>\n<div class=\"container-fluid section border-0 py-5 mb-5 bg-light-color\" style=\"z-index: -1;position: relative\"><\/p>\n<div class=\"container\">\n<div class=\"row counters counters-sm pb-4 pt-3\">\n<div class=\"col-sm-6 mb-lg-0 text-left col-lg-6\">\n<h2 class=\"font-weight-bold mb-2\">\u00bfPOR QU\u00c9 THERIUM?<\/h2>\n<\/p><\/div>\n<\/p><\/div>\n<\/p><\/div>\n<\/p><\/div>\n<div class=\"container\">\n<div class=\"row align-items-start justify-content-start text-left align-self-start\">\n<div class=\"pb-sm-4 pb-lg-0 pe-lg-5 mb-sm-5 mb-lg-0 col-lg-5\">\n<p class=\"text-color-gray font-weight-normal text-6 mb-2\" editable=\"inline\" contenteditable=\"true\">Grandes proyectos e importantes industrias nos han elegido por nuestra capacidad de gestionar obras de gran magnitud, con resultados precisos y de la m\u00e1s alta calidad.<\/p>\n<h2 class=\"text-dark font-weight-medium fs-4 ls-1 mt-5 line-bottom\" editable=\"inline\" contenteditable=\"true\">EQUIPO MULTIDISCIPLINARIO<\/h2>\n<p class=\"pe-5 me-5\">Profesionales expertos para cada proyecto:<\/p>\n<p class=\"pe-5 me-5\">\n<ul editable=\"inline\">\n<li editable=\"inline\">Director de Proyecto<\/li>\n<li class=\"lune-block\" editable=\"inline\"> Arquitectos <\/li>\n<li class=\"lune-block\" editable=\"inline\"> Ingenieros <\/li>\n<li class=\"lune-block\" editable=\"inline\"> Dise\u00f1adores de Interiores <\/li>\n<li class=\"lune-block\" editable=\"inline\"> T\u00e9cnicos especializados <\/li>\n<li class=\"lune-block\" editable=\"inline\"> Siso <\/li>\n<li class=\"lune-block\" editable=\"inline\"> Consultoria t\u00e9cnica y Legal<\/li>\n<\/ul>\n<\/p><\/div>\n<\/p><\/div>\n<\/p><\/div>\n<\/section>\n<section>\n<div class=\"container appear-animation pb-5\" data-appear-animation=\"fadeInUpShorter\" data-appear-animation-delay=\"300\">\n<div class=\"row align-items-start justify-content-start text-left align-self-start\">\n<div class=\"pb-sm-4 pb-lg-0 pe-lg-5 mb-sm-5 mb-lg-0 col-lg-12 pt-5\">\n<div class=\"lune-block\">\n<div class=\"accordion accordion-modern-status accordion-modern-status-borders accordion-modern-status-arrow\" id=\"accordion200\">\n<div class=\"card card-default lune-block\">\n<div class=\"card-header\" id=\"collapse200HeadingOne\">\n<h4 class=\"card-title m-0\">\n\t\t\t\t\t\t\t\t\t<a class=\"accordion-toggle text-color-dark  collapsed\" data-bs-toggle=\"collapse\" data-bs-target=\"#collapse200One\" aria-expanded=\"false\" aria-controls=\"collapse200One\">Enfoque Personalizado<\/a><br \/>\n\t\t\t\t\t\t\t\t<\/h4>\n<\/p><\/div>\n<div id=\"collapse200One\" class=\"collapse\" aria-labelledby=\"collapse200HeadingOne\" data-bs-parent=\"#accordion200\" style=\"\">\n<div class=\"card-body pt-4\">\n<p class=\"mb-0\">Nos adaptamos a las necesidades, requerimientos y presupuestos espec\u00edficos de cada cliente<\/p>\n<\/p><\/div>\n<\/p><\/div>\n<\/p><\/div>\n<div class=\"card card-default lune-block\">\n<div class=\"card-header\" id=\"collapse200HeadingTwo\">\n<h4 class=\"card-title m-0\">\n\t\t\t\t\t\t\t\t\t<a class=\"accordion-toggle text-color-dark  collapsed\" data-bs-toggle=\"collapse\" data-bs-target=\"#collapse200Two\" aria-expanded=\"false\" aria-controls=\"collapse200Two\">Metodolog\u00eda bim<\/a><br \/>\n\t\t\t\t\t\t\t\t<\/h4>\n<\/p><\/div>\n<div id=\"collapse200Two\" class=\"collapse\" aria-labelledby=\"collapse200HeadingTwo\" data-bs-parent=\"#accordion200\" style=\"\">\n<div class=\"card-body pt-4\">\n<p class=\"mb-0\">Dise\u00f1amos, construimos y operamos con la precisi\u00f3n, eficiencia y control que ofrece la metodolog\u00eda <strong>BIM.<\/strong><\/p>\n<\/p><\/div>\n<\/p><\/div>\n<\/p><\/div>\n<div class=\"card card-default lune-block\">\n<div class=\"card-header\" id=\"collapse200HeadingThree\">\n<h4 class=\"card-title m-0\">\n\t\t\t\t\t\t\t\t\t<a class=\"accordion-toggle text-color-dark collapsed\" data-bs-toggle=\"collapse\" data-bs-target=\"#collapse200Three\" aria-expanded=\"false\" aria-controls=\"collapse200Three\">Cumplimos con el presupuesto y el tiempo<\/a><br \/>\n\t\t\t\t\t\t\t\t<\/h4>\n<\/p><\/div>\n<div id=\"collapse200Three\" class=\"collapse\" aria-labelledby=\"collapse200HeadingThree\" data-bs-parent=\"#accordion200\" style=\"\">\n<div class=\"card-body pt-4\">\n<p class=\"mb-0\">Tenemos una s\u00f3lida reputaci\u00f3n en el cumplimiento de plazos y presupuestos acordados, esto puede ser un factor decisivo para los clientes que buscan resultados r\u00e1pidos y sin sobrecostos.<\/p>\n<\/p><\/div>\n<\/p><\/div>\n<\/p><\/div>\n<div class=\"card card-default lune-block\">\n<div class=\"card-header\" id=\"collapse200HeadingFour\">\n<h4 class=\"card-title m-0\">\n\t\t\t\t\t\t\t\t\t<a class=\"accordion-toggle text-color-dark  collapsed\" data-bs-toggle=\"collapse\" data-bs-target=\"#collapse200Four\" aria-expanded=\"false\" aria-controls=\"collapse200Four\">Transparencia y Comunicaci\u00f3n<\/a><br \/>\n\t\t\t\t\t\t\t\t<\/h4>\n<\/p><\/div>\n<div id=\"collapse200Four\" class=\"collapse\" aria-labelledby=\"collapse200HeadingFour\" data-bs-parent=\"#accordion200\" style=\"\">\n<div class=\"card-body pt-4\">\n<p class=\"mb-0\">Nuestra transparencia nos ha dejado relaciones confiables y duraderas. Con <strong>Therium<\/strong> recibes el soporte durante todo el proceso a trav\u00e9s de un solo contacto que ser\u00e1 tu partner en todo momento.<\/p>\n<\/p><\/div>\n<\/p><\/div>\n<\/p><\/div>\n<div class=\"card card-default lune-block\">\n<div class=\"card-header\" id=\"collapse200HeadingFour\">\n<h4 class=\"card-title m-0\">\n\t\t\t\t\t\t\t\t\t<a class=\"accordion-toggle text-color-dark  collapsed\" data-bs-toggle=\"collapse\" data-bs-target=\"#pensamosSostenible\" aria-expanded=\"false\" aria-controls=\"pensamosSostenible\">Pensamos sostenible<\/a><br \/>\n\t\t\t\t\t\t\t\t<\/h4>\n<\/p><\/div>\n<div id=\"pensamosSostenible\" class=\"collapse\" aria-labelledby=\"collapse200HeadingFour\" data-bs-parent=\"#accordion200\" style=\"\">\n<div class=\"card-body pt-4\">\n<p class=\"mb-0\">Construimos con consciencia por el desarrollo sostenible y responsabilidad con el medio ambiente, por eso nuestras pr\u00e1cticas y relaciones se alinean bajo una misma visi\u00f3n \u00e9tica.<\/p>\n<\/p><\/div>\n<\/p><\/div>\n<\/p><\/div>\n<div class=\"card card-default lune-block\">\n<div class=\"card-header\" id=\"collapse200HeadingFour\">\n<h4 class=\"card-title m-0\">\n\t\t\t\t\t\t\t\t\t<a class=\"accordion-toggle text-color-dark  collapsed\" data-bs-toggle=\"collapse\" data-bs-target=\"#mantenimientoCorrectivo\" aria-expanded=\"false\" aria-controls=\"mantenimientoCorrectivo\">Mantenimiento Correctivo<\/a><br \/>\n\t\t\t\t\t\t\t\t<\/h4>\n<\/p><\/div>\n<div id=\"mantenimientoCorrectivo\" class=\"collapse\" aria-labelledby=\"collapse200HeadingFour\" data-bs-parent=\"#accordion200\" style=\"\">\n<div class=\"card-body pt-4\">\n<p class=\"mb-0\">Tenemos una intenci\u00f3n clara con la eficiencia y el ahorro, por eso nos especializamos en repotenciar y reparar elementos existentes.<\/p>\n<\/p><\/div>\n<\/p><\/div>\n<\/p><\/div>\n<\/p><\/div>\n<\/p><\/div>\n<\/p><\/div>\n<\/p><\/div>\n<\/p><\/div>\n<\/section>\n<section class=\"section bg-color-grey-scale-1 d-none section-height-3 border-0 m-0\">\n<div class=\"container pb-2\">\n<div class=\"row\">\n<div class=\"col-lg-6 text-center text-md-start mb-5 mb-lg-0\">\n<h2 class=\"text-color-dark font-weight-normal text-6 mb-2\" editable=\"inline\">Que opinan <b>nuestros clientes<\/b><\/h2>\n<p class=\"lead\" editable=\"inline\">Nuestros clientes de m\u00e1s de XX proyectos llave en mano en Colombia hablan por nosotros.<\/p>\n<div class=\"row justify-content-center my-5\">\n<div class=\"col-8 text-center col-md-4 align-self-center\">\n\t\t\t\t\t\t<img decoding=\"async\" src=\"\/wp-content\/uploads\/2023\/09\/Group.svg\" class=\"img-fluid hover-effect-3 wp-image-511\" alt=\"Logo Cl\u00ednica la misericordia\">\n\t\t\t\t\t<\/div>\n<div class=\"col-8 text-center col-md-4 my-3 my-md-0 align-self-center\">\n\t\t\t\t\t\t<img decoding=\"async\" src=\"\/wp-content\/uploads\/2023\/09\/Group-153.svg\" class=\"img-fluid hover-effect-3 wp-image-512\" alt=\"Logo tools 2 power\">\n\t\t\t\t\t<\/div>\n<div class=\"col-8 text-center col-md-4\">\n\t\t\t\t\t\t<img decoding=\"async\" src=\"\/wp-content\/uploads\/2023\/10\/Group-154.svg\" class=\"img-fluid hover-effect-3 wp-image-558\">\n\t\t\t\t\t<\/div>\n<\/p><\/div>\n<\/p><\/div>\n<div class=\"col-lg-6\">\n<div class=\"owl-carousel owl-theme nav-style-1 stage-margin\" data-plugin-options=\"{'responsive': {'576': {'items': 1}, '768': {'items': 1}, '992': {'items': 1}, '1200': {'items': 1}}, 'loop': true, 'nav': false, 'dots': false, 'stagePadding': 40, 'autoplay': true, 'autoplayTimeout': 6000, 'loop': true}\">\n<div>\n<div class=\"testimonial testimonial-style-2 testimonial-with-quotes testimonial-quotes-dark ps-md-4 mb-0\">\n<div class=\"testimonial-author\">\n\t\t\t\t\t\t\t\t<img decoding=\"async\" src=\"https:\/\/www.okler.net\/previews\/porto\/9.9.1\/img\/clients\/client-1.jpg\" class=\"img-fluid rounded-circle mb-0\" alt=\"\">\n\t\t\t\t\t\t\t<\/div>\n<blockquote>\n<p class=\"text-color-dark text-4 line-height-5 mb-0\">Lorem ipsum dolor sit amet, consectetur adipiscing elit. Morbi vitae metus tellus. Curabitur non lorem at odio tempus consectetur vel eu lacus. Morbi.<\/p>\n<\/blockquote>\n<div class=\"testimonial-author\" editable=\"rich\">\n<p><strong class=\"font-weight-extra-bold text-2\">John Smith<\/strong><span>Okler<\/span><\/p>\n<\/p><\/div>\n<\/p><\/div>\n<\/p><\/div>\n<div>\n<div class=\"testimonial testimonial-style-2 testimonial-with-quotes testimonial-quotes-dark ps-md-4 mb-0\">\n<div class=\"testimonial-author\">\n\t\t\t\t\t\t\t\t<img decoding=\"async\" src=\"https:\/\/www.okler.net\/previews\/porto\/9.9.1\/img\/clients\/client-1.jpg\" class=\"img-fluid rounded-circle mb-0\" alt=\"\">\n\t\t\t\t\t\t\t<\/div>\n<blockquote>\n<p class=\"text-color-dark text-4 line-height-5 mb-0\">Lorem ipsum dolor sit amet, consectetur adipiscing elit. Morbi vitae metus tellus. Curabitur non lorem at odio tempus consectetur vel eu lacus. Morbi.<\/p>\n<\/blockquote>\n<div class=\"testimonial-author\">\n<p><strong class=\"font-weight-extra-bold text-2\">John Smith<\/strong><span>Okler<\/span><\/p>\n<\/p><\/div>\n<\/p><\/div>\n<\/p><\/div>\n<\/p><\/div>\n<\/p><\/div>\n<\/p><\/div>\n<\/p><\/div>\n<\/section>\n<section class=\"pt-5 pb-5 p-relative\">\n<div class=\"container\">\n<div class=\"row\">\n<div class=\"col col-md-12 py-5 text-center\">\n<div class=\"overflow-hidden mb-3\">\n<h2 class=\"word-rotator slide font-weight-bold text-8 mb-0 appear-animation animated maskUp appear-animation-visible\" data-appear-animation=\"maskUp\">\n\t\t\t\t\t\t<color class=\"text-gray-color-alt\">D\u00e9janos ayudarte a<\/color> hacer realidad tus ideas <color class=\"text-gray-color-alt\"> y convertirlas en espacios que ames<\/color>\n\t\t\t\t\t<\/h2>\n<\/p><\/div>\n<div class=\"overflow-hidden mb-3\">\n\t\t\t\t\t<a href=\"#\" class=\"btn btn-dark ls-1 btn-lg text-3 font-weight-semibold px-4 py-3\">HABLEMOS<\/a>\n\t\t\t\t<\/div>\n<\/p><\/div>\n<\/p><\/div>\n<\/p><\/div>\n<p>\t<img loading=\"lazy\" decoding=\"async\" src=\"https:\/\/www.therium.com.co\/wp-content\/uploads\/2023\/09\/Vector-1.svg\" class=\"img-deco-about wp-image-398\" width=\"200\" height=\"182\"><br \/>\n<\/section>","protected":false},"excerpt":{"rendered":"<p>QUIENES SOMOS EN THERIUM EMPUJAMOS LOS L\u00cdMITES DE LA INNOVACI\u00d3N&nbsp;Y LA CREATIVIDAD EN LA CONSTRUCCI\u00d3N. Tu aliado en todo momento Bajo una direcci\u00f3n estricta y especializada, mantenemos una visi\u00f3n global del proyecto y con nuestro equipo de expertos en distintas \u00e1reas superamos tus expectativas, entreg\u00e1ndote un producto de la m\u00e1s alta calidad sin importar su [&hellip;]<\/p>\n","protected":false},"author":0,"featured_media":0,"parent":0,"menu_order":0,"comment_status":"closed","ping_status":"closed","template":"","meta":{"footnotes":""},"class_list":["post-529","page","type-page","status-publish","hentry"],"_links":{"self":[{"href":"https:\/\/www.therium.com.co\/en\/wp-json\/wp\/v2\/pages\/529","targetHints":{"allow":["GET"]}}],"collection":[{"href":"https:\/\/www.therium.com.co\/en\/wp-json\/wp\/v2\/pages"}],"about":[{"href":"https:\/\/www.therium.com.co\/en\/wp-json\/wp\/v2\/types\/page"}],"replies":[{"embeddable":true,"href":"https:\/\/www.therium.com.co\/en\/wp-json\/wp\/v2\/comments?post=529"}],"version-history":[{"count":7,"href":"https:\/\/www.therium.com.co\/en\/wp-json\/wp\/v2\/pages\/529\/revisions"}],"predecessor-version":[{"id":776,"href":"https:\/\/www.therium.com.co\/en\/wp-json\/wp\/v2\/pages\/529\/revisions\/776"}],"wp:attachment":[{"href":"https:\/\/www.therium.com.co\/en\/wp-json\/wp\/v2\/media?parent=529"}],"curies":[{"name":"wp","href":"https:\/\/api.w.org\/{rel}","templated":true}]}}