{"id":41,"date":"2022-04-06T15:11:22","date_gmt":"2022-04-06T15:11:22","guid":{"rendered":"https:\/\/www.therium.com.co\/?page_id=41"},"modified":"2023-12-02T15:24:35","modified_gmt":"2023-12-02T15:24:35","slug":"servicios","status":"publish","type":"page","link":"https:\/\/www.therium.com.co\/en\/servicios\/","title":{"rendered":"Servicios"},"content":{"rendered":"<section class=\"page-header page-header-modern page-header-background page-header-background-md wp-image-407\" style=\"background-image:url(https:\/\/www.therium.com.co\/wp-content\/uploads\/2023\/10\/bg-about.jpeg)\" background=\"https:\/\/www.therium.com.co\/wp-content\/uploads\/2023\/10\/bg-about.jpeg\">\n<div class=\"container\">\n<div class=\"row mt-5\">\n<div class=\"col-md-12 align-self-center p-static order-2 text-center\">\n<h1 class=\"text-9 font-weight-bold\">SERVICIOS<\/h1>\n<p>\t\t\t\t<span class=\"sub-title\">EN THERIUM EMPUJAMOS LOS L\u00cdMITES DE LA INNOVACI\u00d3N&nbsp;<br \/>Y LA CREATIVIDAD EN LA CONSTRUCCI\u00d3N.<\/span>\n\t\t\t<\/div>\n<div class=\"col-md-12 align-self-center order-1\">\n<ul class=\"breadcrumb breadcrumb-light d-block text-center\">\n<li class=\"lune-block\" editable=\"inline\"><a href=\"\/en\/\" class=\"\">INICIO<\/a><\/li>\n<li class=\"active lune-block\" editable=\"inline\">SERVICIOS<\/li>\n<\/ul><\/div>\n<\/p><\/div>\n<\/p><\/div>\n<\/section>\n<section>\n<div class=\"container\">\n<div class=\"row justify-content-center mb-5\">\n<div class=\"col-12 col-md-8 col-lg-8 col-xl-8\">\n<div class=\"text-center\">\n<p class=\"text-dark text-5\">PROYECTOS FUNCIONALES<\/p>\n<h4 class=\"mb-3 h2 text-dark text-6 font-weight-bold\" editable=\"inline\">Analizamos tu prop\u00f3sito y el alcance de tu proyecto<br \/>\n\t\t\t\t\t\ty descubrimos la esencia que har\u00e1 \u00fanico tu proyecto.<br \/>\n\t\t\t\t\t<\/h4>\n<\/p><\/div>\n<\/p><\/div>\n<\/p><\/div>\n<\/p><\/div>\n<div class=\"container  align-content-center justify-content-center\">\n<div class=\"row service\">\n<div class=\"col-lg-6 px-5 text-home-services d-flex justify-content-center flex-column flex-wrap col-12 col-sm-12 pt-5\"><img decoding=\"async\" src=\"https:\/\/www.therium.com.co\/wp-content\/uploads\/2023\/09\/icon-design.svg\" class=\"icon-services wp-image-511\" alt=\"Logo Cl\u00ednica la misericordia\"><\/p>\n<div class=\"\">\n<h4 class=\"mb-3 h2 text-dark text-10 font-weight-bold\" editable=\"inline\">Dise\u00f1o<br \/>\n\t\t\t\t\t<\/h4>\n<p class=\"mb-5 text-4\" editable=\"inline\">Analizaremos el prop\u00f3sito y los alcances de tu proyecto, y descubriremos la esencia que har\u00e1 \u00fanicas a tus oficinas.<\/p>\n<p>\t\t\t\t\t<a href=\"\/en\/servicio\/diseno\/\" class=\"btn btn-dark text-4 ms-3 font-weight-bold text-uppercase\">Ver Servicio<\/a>\n\t\t\t\t<\/div>\n<\/p><\/div>\n<div class=\"col-lg-6 p-0\">\n<div class=\"section section-background h-400px bg-size-cover m-0 wp-image-381\" style=\"background-image:url(https:\/\/www.therium.com.co\/wp-content\/uploads\/2023\/09\/foto-estructura-5.jpg);\" background=\"https:\/\/www.therium.com.co\/wp-content\/uploads\/2023\/09\/foto-estructura-5.jpg\">\n<div class=\"container\">\n<div class=\"row\">\n<div class=\"col\"><\/div>\n<\/p><\/div>\n<\/p><\/div>\n<\/p><\/div>\n<\/p><\/div>\n<\/p><\/div>\n<div class=\"row service\">\n<div class=\"col-lg-6 p-0 d-flex justify-content-center flex-column flex-wrap order-xs-2\" style=\"\">\n<div class=\"section section-background h-400px bg-size-cover m-0 wp-image-384\" style=\"background-image:url(https:\/\/www.therium.com.co\/wp-content\/uploads\/2023\/09\/foto-estructura-4.jpg);\" background=\"https:\/\/www.therium.com.co\/wp-content\/uploads\/2023\/09\/foto-estructura-4.jpg\">\n<div class=\"container\">\n<div class=\"row\">\n<div class=\"col\"><\/div>\n<\/p><\/div>\n<\/p><\/div>\n<\/p><\/div>\n<\/p><\/div>\n<div class=\"col-lg-6 px-5 d-flex justify-content-center text-home-services flex-column flex-wrap col-12 col-sm-12 pt-5\"><img decoding=\"async\" src=\"\/wp-content\/uploads\/2023\/09\/Group-78.svg\" class=\"icon-services wp-image-472\"><\/p>\n<div class=\"\">\n<h4 class=\"mb-3 h2 text-dark text-10 font-weight-bold\" editable=\"inline\">Arquitectura y ejecuci\u00f3n<\/h4>\n<p class=\"text-4\" editable=\"inline\">Es momento de poner en marcha la obra, aqu\u00ed es donde sientes que tu decisi\u00f3n de delegar todo el proceso ha valido la pena, porque tu labor a partir de ahora es estar en contacto con un \u00fanico responsable: nosotros.<\/p>\n<p>\t\t\t\t\t<a href=\"\/en\/servicio\/arquitectura\/\" class=\"btn btn-dark text-4 ms-3 font-weight-bold text-uppercase\">Ver Servicio<\/a>\n\t\t\t\t<\/div>\n<\/p><\/div>\n<\/p><\/div>\n<div class=\"row service\">\n<div class=\"col-lg-6 px-5 d-flex text-home-services justify-content-center flex-column flex-wrap col-12 col-sm-12 order-2 order-sm-2 pt-5\"><img decoding=\"async\" src=\"\/wp-content\/uploads\/2023\/09\/Group-81.svg\" class=\"icon-services wp-image-473\"><\/p>\n<div class=\"\">\n<h4 class=\"mb-3 h2 text-dark text-10 font-weight-bold\" editable=\"inline\">Ingenier\u00eda<br \/>\n\t\t\t\t\t<\/h4>\n<p class=\"mb-5 text-4\" editable=\"inline\">Todo lo que no se ve, lo que est\u00e1 detr\u00e1s de los muros y que hace que todo funcione, lo resolvemos con criterio especializado e ingenier\u00eda.<\/p>\n<p>\t\t\t\t\t<a href=\"\/en\/servicio\/ingenieria\/\" class=\"btn btn-dark text-4 ms-3 font-weight-bold text-uppercase\">Ver Servicio<\/a>\n\t\t\t\t<\/div>\n<\/p><\/div>\n<div class=\"col-lg-6 p-0 order-2\">\n<div class=\"section section-background h-400px bg-size-cover m-0 wp-image-386\" style=\"background-image:url(https:\/\/www.therium.com.co\/wp-content\/uploads\/2023\/09\/foto-estructura-6.jpg);\" background=\"https:\/\/www.therium.com.co\/wp-content\/uploads\/2023\/09\/foto-estructura-6.jpg\">\n<div class=\"container\">\n<div class=\"row\">\n<div class=\"col\"><\/div>\n<\/p><\/div>\n<\/p><\/div>\n<\/p><\/div>\n<\/p><\/div>\n<\/p><\/div>\n<\/p><\/div>\n<\/section>","protected":false},"excerpt":{"rendered":"<p>SERVICIOS EN THERIUM EMPUJAMOS LOS L\u00cdMITES DE LA INNOVACI\u00d3N&nbsp;Y LA CREATIVIDAD EN LA CONSTRUCCI\u00d3N. INICIO SERVICIOS PROYECTOS FUNCIONALES Analizamos tu prop\u00f3sito y el alcance de tu proyecto y descubrimos la esencia que har\u00e1 \u00fanico tu proyecto. Dise\u00f1o Analizaremos el prop\u00f3sito y los alcances de tu proyecto, y descubriremos la esencia que har\u00e1 \u00fanicas a tus [&hellip;]<\/p>\n","protected":false},"author":1,"featured_media":0,"parent":0,"menu_order":0,"comment_status":"closed","ping_status":"closed","template":"","meta":{"footnotes":""},"class_list":["post-41","page","type-page","status-publish","hentry"],"_links":{"self":[{"href":"https:\/\/www.therium.com.co\/en\/wp-json\/wp\/v2\/pages\/41","targetHints":{"allow":["GET"]}}],"collection":[{"href":"https:\/\/www.therium.com.co\/en\/wp-json\/wp\/v2\/pages"}],"about":[{"href":"https:\/\/www.therium.com.co\/en\/wp-json\/wp\/v2\/types\/page"}],"author":[{"embeddable":true,"href":"https:\/\/www.therium.com.co\/en\/wp-json\/wp\/v2\/users\/1"}],"replies":[{"embeddable":true,"href":"https:\/\/www.therium.com.co\/en\/wp-json\/wp\/v2\/comments?post=41"}],"version-history":[{"count":50,"href":"https:\/\/www.therium.com.co\/en\/wp-json\/wp\/v2\/pages\/41\/revisions"}],"predecessor-version":[{"id":808,"href":"https:\/\/www.therium.com.co\/en\/wp-json\/wp\/v2\/pages\/41\/revisions\/808"}],"wp:attachment":[{"href":"https:\/\/www.therium.com.co\/en\/wp-json\/wp\/v2\/media?parent=41"}],"curies":[{"name":"wp","href":"https:\/\/api.w.org\/{rel}","templated":true}]}}