{"id":234,"date":"2022-04-22T04:09:22","date_gmt":"2022-04-22T04:09:22","guid":{"rendered":"https:\/\/theriummks.test\/?page_id=234"},"modified":"2022-04-29T16:20:39","modified_gmt":"2022-04-29T16:20:39","slug":"terminos-de-uso","status":"publish","type":"page","link":"https:\/\/www.therium.com.co\/en\/terminos-de-uso\/","title":{"rendered":"T\u00e9rminos de Uso"},"content":{"rendered":"<section class=\"page-header terms-page-header page-header-modern bg-color-dark-scale-1 page-header-md\">\n<\/section>\n<section class=\"page-header page-header-modern pt-5 bg-color-light-scale-1 page-header-md\">\n<div class=\"container pt-5\">\n<div class=\"row\">\n<div class=\"col-md-12 align-self-center p-static order-2 text-center\">\n<h1 class=\"text-dark font-weight-bold text-8\">T\u00e9rminos de Uso<\/h1>\n<\/p><\/div>\n<\/p><\/div>\n<\/p><\/div>\n<\/section>\n<div class=\"container py-4\">\n<div class=\"row\">\n<div class=\"col-lg-3\">\n<aside class=\"sidebar\">\n<h5 class=\"font-weight-semi-bold pt-4\">Legales<\/h5>\n<ul class=\"nav nav-list flex-column mb-5\">\n<li class=\"nav-item lune-block\"><a class=\"nav-link lune-highlight-currently-editing\" href=\"\/en\/terminos-de-uso\/\">T\u00e9rminos y Condiciones<\/a><\/li>\n<li class=\"nav-item lune-block\"><a class=\"nav-link lune-highlight-currently-editing\" href=\"\/en\/terminos-generales-de-venta\/\">T\u00e9rminos Generales de Venta<\/a><\/li>\n<li class=\"nav-item lune-block\"><a class=\"nav-link lune-highlight-currently-editing\" href=\"\/en\/politica-de-privacidad-y-manejo-de-datos-personales\/\" target=\"_blank\" rel=\"noopener\">Pol\u00edtica de Privacidad y Manejo de Datos Personales<\/a><\/li>\n<\/ul>\n<\/aside><\/div>\n<div class=\"col-lg-9\">\n<div class=\"blog-posts\">\n<div class=\"row px-3\">\n<div class=\"col\">\n<article class=\"post post-medium border-0 pb-0 mb-5\">\n<div class=\"post-content\" editable=\"rich\">\n<h2 class=\"\" editable=\"inline\">THERIUM S.A.S.<\/h2>\n<p editable=\"rich\" contenteditable=\"true\" class=\"lune-last-clicked-editable-element\"><strong>NIT No. 901.378.645 \u2013 1<\/strong><\/p>\n<p editable=\"rich\">\n<p class=\"c0\" editable=\"rich\"><span class=\"c3\"><\/span><\/p>\n<p class=\"c2\" editable=\"rich\"><span class=\"c3\">A continuaci\u00f3n, se establecen los t\u00e9rminos y condiciones aplicables para el acceso, consulta o uso de esta p\u00e1gina web o para la conexi\u00f3n a la misma desde otro sitio web. Mediante el acceso a esta p\u00e1gina web y la \u201cnavegaci\u00f3n\u201d en la misma, usted expresa su aceptaci\u00f3n a estos t\u00e9rminos y condiciones y su consentimiento a someterse a lo establecido en ellos. Si usted no est\u00e1 de acuerdo en todo o en parte a estos t\u00e9rminos y condiciones lo invitamos a que abandone el sitio.<\/span><\/p>\n<p class=\"c0\" editable=\"rich\"><span class=\"c3\"><\/span><\/p>\n<p class=\"c2\" editable=\"rich\"><span class=\"c3\"><strong>THERIUM S.A.S.<\/strong> puede modificar libremente en cualquier momento sin previo aviso estos t\u00e9rminos y condiciones, los cuales estar\u00e1n disponibles en esta p\u00e1gina web, lo invitamos a consultar peri\u00f3dicamente los mismos.<\/span><\/p>\n<p class=\"c4\" editable=\"rich\"><span class=\"c12\"><\/span><\/p>\n<ol class=\"c7 lst-kix_list_16-0 start\" start=\"1\">\n<li class=\"c2 c5 li-bullet-0\"><span class=\"c9\">TITULARIDAD DEL CONTENIDO<\/span><\/li>\n<\/ol>\n<p class=\"c0\" editable=\"rich\"><span class=\"c3\"><\/span><\/p>\n<p class=\"c2\" editable=\"rich\"><span class=\"c3\"><strong>THERIUM S.A.S. <\/strong>mantiene esta p\u00e1gina web exclusivamente para el entretenimiento, la informaci\u00f3n y la educaci\u00f3n de sus usuarios y clientes. Usted accede a este sitio de manera libre y por su propia cuenta y riesgo. El uso, acceso o navegaci\u00f3n en esta p\u00e1gina web por parte de los usuarios de esta deber\u00e1 hacerse teniendo en cuenta entre otras, las siguientes condiciones particulares:<\/span><\/p>\n<p class=\"c0\" editable=\"rich\"><span class=\"c3\"><\/span><\/p>\n<ul class=\"c7 lst-kix_list_17-0 start lune-last-clicked-editable-element\" editable=\"rich\" contenteditable=\"true\">\n<li class=\"c2 c5 li-bullet-0\"><span class=\"c3\">Se deber\u00e1 dar cumplimiento a todas las leyes, normas y reglamentos aplicables al uso, acceso y consulta de sitios en Internet.<\/span><\/li>\n<li class=\"c2 c5 li-bullet-0\"><span class=\"c3\">Se proh\u00edbe distribuir, modificar, alterar, copiar, transmitir, publicar, realizar trabajo de ingenier\u00eda de reversa, vender o utilizar de cualquier forma El Contenido.<\/span><\/li>\n<li class=\"c2 c5 li-bullet-0\">Se proh\u00edbe incluir material que sea obsceno, difamatorio, abusivo, amenazante, vulgar, racista, sexista escandaloso, provocador, pornogr\u00e1fico, irreverente, y ofensivo, para <strong>THERIUM S.A.S.<\/strong>, terceros o cualquier otro usuario o que constituya un delito o conducta criminal bajo las leyes vigentes. En caso de incumplirse esta restricci\u00f3n, <strong>THERIUM S.A.S.<\/strong> colaborar\u00e1 con las autoridades en las investigaciones correspondientes.<\/li>\n<li class=\"c2 c5 li-bullet-0\">Se proh\u00edbe aprovechar esta p\u00e1gina web para realizar cualquier actividad de tipo comercial, de propaganda pol\u00edtica o de cualquier naturaleza, para realizar publicidad de bienes o servicios no autorizados por <strong>THERIUM S.A.S.<\/strong>, para promover la membrec\u00eda a grupos u organizaciones no autorizados previamente por <strong>THERIUM S.A.S.<\/strong><\/li>\n<li class=\"c2 c5 li-bullet-0\">Se proh\u00edbe usar esta p\u00e1gina web para implantar, enviar, distribuir o transmitir cualquier virus o programa de computador da\u00f1ino o potencialmente da\u00f1ino, as\u00ed como cualquier programa que tenga como prop\u00f3sito da\u00f1ar la operaci\u00f3n, el acceso, uso o contenido de esta p\u00e1gina web, o impedir o limitar el acceso o uso de la misma por parte de otros usuarios. <strong>THERIUM S.A.S. <\/strong>contribuir\u00e1 con las autoridades para adelantar las correspondientes investigaciones.<\/li>\n<li class=\"c2 c5 li-bullet-0\">Se proh\u00edbe la descarga de El Contenido sin la expresa autorizaci\u00f3n de <strong>THERIUM S.A.S.<\/strong>, s\u00f3lo podr\u00e1 ser descargado El Contenido espec\u00edficamente disponible para descarga.<\/li>\n<\/ul>\n<p class=\"c0\" editable=\"rich\"><span class=\"c3\"><\/span><\/p>\n<p class=\"c2\" editable=\"rich\"><strong>THERIUM S.A.S. <\/strong>se reserva el derecho de negar o suspender el acceso a la p\u00e1gina web por parte de cualquier usuario que hubiere desconocido estos t\u00e9rminos y condiciones, sin necesidad de notificaci\u00f3n previa. Igualmente, <strong>THERIUM S.A.S.<\/strong> se reserva el derecho de retirar, suprimir o modificar cualquier parte o toda la informaci\u00f3n publicada o enviada por los usuarios si a su juicio tal informaci\u00f3n es inapropiada, ilegal, inconveniente o contraria a estos t\u00e9rminos y condiciones.<\/p>\n<p class=\"c2\" editable=\"rich\"><span class=\"c3\">&nbsp;<\/span><\/p>\n<ol class=\"c7 lst-kix_list_16-0\" start=\"2\">\n<li class=\"c2 c5 li-bullet-0\"><span class=\"c9\">INFORMACI\u00d3N O MATERIALES DEL USUARIO DE LA P\u00c1GINA WEB<\/span><\/li>\n<\/ol>\n<p class=\"c0 c14\" editable=\"rich\"><span class=\"c3\"><\/span><\/p>\n<p class=\"c2\" editable=\"rich\"><span class=\"c3\">La informaci\u00f3n, datos personales o no, im\u00e1genes o cualquier contenido enviados, publicados o cargados por los usuarios en la p\u00e1gina web podr\u00e1n ser usados libremente por THERIUM S.A.S. para cualquier prop\u00f3sito relacionado con su actividad empresarial, independientemente de que los mismos sean o no confidenciales o constituyan propiedad intelectual del usuario o este tenga alg\u00fan derecho de uso o disposici\u00f3n sobre la misma, pues con el env\u00edo o carga de los mismos en la p\u00e1gina web se entiende que el usuario est\u00e1 autorizando a THERIUM S.A.S. a usar, seg\u00fan su criterio, dicha informaci\u00f3n o contenido y por ende el remitente de dicho contenido renuncia a cualquier reclamaci\u00f3n o indemnizaci\u00f3n a la que pudiera tener derecho derivada del uso que THERIUM S.A.S. de dicho contenido. Mediante la publicaci\u00f3n o env\u00edo de la informaci\u00f3n en cuesti\u00f3n se entiende que el usuario est\u00e1 otorgando a THERIUM S.A.S. un derecho y licencia irrevocable y permanente, a nivel mundial, para usar dicho contenido para los fines y prop\u00f3sitos que THERIUM S.A.S. considere conveniente para sus intereses empresariales, incluyendo la formaci\u00f3n de bases de datos, divulgaci\u00f3n a terceros, utilizaci\u00f3n de la informaci\u00f3n para sus planes de mercadeo, entre otros.<\/span><\/p>\n<p class=\"c0\" editable=\"rich\"><span class=\"c3\"><\/span><\/p>\n<p class=\"c2\" editable=\"rich\"><span class=\"c3\">El usuario deber\u00e1 contar con las autorizaciones legales o convencionales necesarias para enviar o publicar la informaci\u00f3n de que se trata y se compromete a no violar con dicho env\u00edo o publicaci\u00f3n ninguna norma de propiedad intelectual o de ninguna otra naturaleza.<\/span><\/p>\n<p class=\"c0\" editable=\"rich\"><span class=\"c3\"><\/span><\/p>\n<p class=\"c2\" editable=\"rich\"><span class=\"c3\">Si el acceso a la p\u00e1gina web se hace mediante el uso de un usuario y una clave registrados, el titular de dicho usuario y clave ser\u00e1 el \u00fanico responsable por cualquier informaci\u00f3n o acto que se haga por dicho usuario y clave. El titular de dicho usuario y clave se compromete a hacer un uso leg\u00edtimo del mismo y a no revelarlo a terceras personas.<\/span><\/p>\n<p class=\"c0\" editable=\"rich\"><span class=\"c3\"><\/span><\/p>\n<p class=\"c2\" editable=\"rich\"><span class=\"c3\"><strong>THERIUM S.A.S.<\/strong> no otorga garant\u00eda expresa o impl\u00edcita, de ninguna naturaleza, a cerca de la veracidad, exactitud o confiabilidad de la informaci\u00f3n enviada o publicada por los usuarios ni, valida, apoya o respalda las opiniones o comentarios expresados por los usuarios. THERIUM S.A.S. no se compromete a revisar previamente tal informaci\u00f3n ni a auditar o monitorear la misma.<\/span><\/p>\n<ol class=\"c7 lst-kix_list_16-0\" start=\"3\">\n<li class=\"c2 c5 li-bullet-0\"><span class=\"c9\">CONEXI\u00d3N CON OTRAS P\u00c1GINAS WEB<\/span><\/li>\n<\/ol>\n<p class=\"c0 c14\" editable=\"rich\"><span class=\"c3\"><\/span><\/p>\n<p class=\"c2\" editable=\"rich\"><span class=\"c3\">Eventualmente esta p\u00e1gina web tendr\u00e1 conexi\u00f3n con otros sitios de internet de propiedad u operados por terceros. Dicha conexi\u00f3n se hace \u00fanica y exclusivamente para la conveniencia del usuario.<\/span><\/p>\n<p class=\"c0\" editable=\"rich\"><span class=\"c3\"><\/span><\/p>\n<p class=\"c2 lune-last-clicked-editable-element\" editable=\"rich\" contenteditable=\"true\"><strong>THERIUM S.A.S. <\/strong>no se hace responsable del contenido, la informaci\u00f3n, los efectos o da\u00f1os de cualquier tipo que pueda sufrir el usuario como producto de la conexi\u00f3n con dichos sitios web. El usuario mediante la conexi\u00f3n a esos sitios web de terceros declara que accede a los mismos bajo su propia cuenta y riesgo y renuncia a cualquier reclamaci\u00f3n o derecho resarcitorio que pudiera ejercer o intentar ejercer, bajo cualquier jurisdicci\u00f3n, en contra de <strong>THERIUM S.A.S. <\/strong>y manifiesta que cualquier eventual acci\u00f3n resarcitoria que pudiera tener la ejercer\u00e1 \u00fanicamente contra el propietario u operador de dicho sitio web, en los t\u00e9rminos, alcances y condiciones definidos por dichos propietarios u operadores.<\/p>\n<p class=\"c0\" editable=\"rich\"><span class=\"c3\"><\/span><\/p>\n<ol class=\"c7 lst-kix_list_16-0\" start=\"4\">\n<li class=\"c2 c5 li-bullet-0\"><span class=\"c9\"><strong>LIMITACI\u00d3N DE RESPONSABILIDAD<\/strong><\/span><\/li>\n<\/ol>\n<p class=\"c0 c14\" editable=\"rich\"><span class=\"c3\"><\/span><\/p>\n<p class=\"c2\" editable=\"rich\"><span class=\"c3\"><strong>THERIUM S.A.S.<\/strong> NO GARANTIZA EL CONTENIDO, EXACTITUD O VERACIDAD DE LOS DATOS INCLUIDOS EN ESTA PAGINA WEB NI LA FUNCIONALIDAD DEL MISMO. TAMPOCO GARANTIZA QUE EL CONTENIDO SIRVA PARA UN PROP\u00d3SITO ESPECIFICO NI GARANTIZA NING\u00daN RESULTADO ESPECIFICO CON DICHO CONTENIDO. LA COMPA\u00d1\u00cdA TAMPOCO GARANTIZA QUE LOS SERVIDORES EN LOS QUE OPERE LA PAGINA WEB ESTAR\u00c1N LIBRES DE ERRORES O DE VIRUS QUE PUEDAN AFECTAR A EL USUARIO O QUE SE PUEDA GARANTIZAR EL ACCESO A LA MISMA EN TODO MOMENTO Y DESDE CUALQUIER LUGAR.<\/span><\/p>\n<p class=\"c0\" editable=\"rich\"><span class=\"c3\"><\/span><\/p>\n<p class=\"c2\" editable=\"rich\"><span class=\"c3\"><strong>THERIUM S.A.S.<\/strong> ESPERA QUE USTED UTILICE LA DEBIDA PRECAUCI\u00d3N Y DILIGENCIA CUANDO ACCEDA A ESTA P\u00c1GINA WEB. NADA DE LO INCLUIDO EN ESTA PAGINA WEB PUEDE SER CONSIDERADO COMO UNA ASESOR\u00cdA PROFESIONAL O CONSEJO DE ALG\u00daN TIPO, USTED DEBE ESTAR INFORMADO DE QUE ANTES DE TOMAR ALGUNA DECISI\u00d3N CONSIDERANDO LA INFORMACI\u00d3N ENCONTRADA EN ESTA PAGINA WEB DEBE CONSULTAR PREVIAMENTE CON SUS PROPIOS ASESORES. <\/span><\/p>\n<p class=\"c0\" editable=\"rich\"><span class=\"c3\"><\/span><\/p>\n<p class=\"c2 lune-last-clicked-editable-element\" editable=\"rich\" contenteditable=\"true\"><span class=\"c3\"><strong>THERIUM S.A.S.<\/strong> NO SE HACE RESPONSABLE POR NINGUNA DECISI\u00d3N QUE USTED TOME CONSIDERANDO LA INFORMACI\u00d3N CONTENIDA EN ESTA PAGINA WEB.<\/span><\/p>\n<p class=\"c0\" editable=\"rich\"><span class=\"c3\"><\/span><\/p>\n<p class=\"c2 lune-last-clicked-editable-element\" editable=\"rich\" contenteditable=\"true\">BAJO NINGUNA CIRCUNSTANCIA <strong>THERIUM S.A.S.<\/strong>, EL OPERADOR DE LA PAGINA O CUALQUIER PROVEEDOR DE <strong>THERIUM S.A.S.<\/strong> SERAN RESPONSABLES POR LA INFORMACI\u00d3N CONTENIDA, POR LA OPERACI\u00d3N DE LA PAG\u00cdNA WEB O POR EL ACCESO O FUNCIONAMIENTO DE LA MISMA.<\/p>\n<\/p><\/div>\n<\/article><\/div>\n<\/p><\/div>\n<\/p><\/div>\n<\/p><\/div>\n<\/p><\/div>\n<\/div>","protected":false},"excerpt":{"rendered":"<p>T\u00e9rminos de Uso Legales T\u00e9rminos y Condiciones T\u00e9rminos Generales de Venta Pol\u00edtica de Privacidad y Manejo de Datos Personales THERIUM S.A.S. NIT No. 901.378.645 \u2013 1 A continuaci\u00f3n, se establecen los t\u00e9rminos y condiciones aplicables para el acceso, consulta o uso de esta p\u00e1gina web o para la conexi\u00f3n a la misma desde otro sitio [&hellip;]<\/p>\n","protected":false},"author":1,"featured_media":0,"parent":0,"menu_order":0,"comment_status":"closed","ping_status":"closed","template":"","meta":{"footnotes":""},"class_list":["post-234","page","type-page","status-publish","hentry"],"_links":{"self":[{"href":"https:\/\/www.therium.com.co\/en\/wp-json\/wp\/v2\/pages\/234","targetHints":{"allow":["GET"]}}],"collection":[{"href":"https:\/\/www.therium.com.co\/en\/wp-json\/wp\/v2\/pages"}],"about":[{"href":"https:\/\/www.therium.com.co\/en\/wp-json\/wp\/v2\/types\/page"}],"author":[{"embeddable":true,"href":"https:\/\/www.therium.com.co\/en\/wp-json\/wp\/v2\/users\/1"}],"replies":[{"embeddable":true,"href":"https:\/\/www.therium.com.co\/en\/wp-json\/wp\/v2\/comments?post=234"}],"version-history":[{"count":9,"href":"https:\/\/www.therium.com.co\/en\/wp-json\/wp\/v2\/pages\/234\/revisions"}],"predecessor-version":[{"id":338,"href":"https:\/\/www.therium.com.co\/en\/wp-json\/wp\/v2\/pages\/234\/revisions\/338"}],"wp:attachment":[{"href":"https:\/\/www.therium.com.co\/en\/wp-json\/wp\/v2\/media?parent=234"}],"curies":[{"name":"wp","href":"https:\/\/api.w.org\/{rel}","templated":true}]}}